{"id":191,"date":"2020-04-08T21:01:41","date_gmt":"2020-04-08T21:01:41","guid":{"rendered":"http:\/\/judithforgoston.com\/?page_id=191"},"modified":"2024-09-20T06:37:25","modified_gmt":"2024-09-20T06:37:25","slug":"about","status":"publish","type":"page","link":"https:\/\/www.judithforgoston.com\/de\/about\/","title":{"rendered":"\u00dcber mich"},"content":{"rendered":"<div class=\"wp-block-media-text alignfull is-stacked-on-mobile gb-slate-section-media-and-text gb-slate-section-media-text has-background\" style=\"background-color:#dcecf7;grid-template-columns:40% auto\"><figure class=\"wp-block-media-text__media\"><img data-recalc-dims=\"1\" loading=\"lazy\" decoding=\"async\" width=\"677\" height=\"906\" src=\"https:\/\/i0.wp.com\/www.judithforgoston.com\/wp-content\/uploads\/2024\/03\/Me-in-a-nutshell.png?resize=677%2C906&#038;ssl=1\" alt=\"\" class=\"wp-image-1438 size-full\" srcset=\"https:\/\/i0.wp.com\/www.judithforgoston.com\/wp-content\/uploads\/2024\/03\/Me-in-a-nutshell.png?w=677&amp;ssl=1 677w, https:\/\/i0.wp.com\/www.judithforgoston.com\/wp-content\/uploads\/2024\/03\/Me-in-a-nutshell.png?resize=224%2C300&amp;ssl=1 224w\" sizes=\"auto, (max-width: 677px) 100vw, 677px\" \/><\/figure><div class=\"wp-block-media-text__content\">\n<div style=\"height:20px\" aria-hidden=\"true\" class=\"wp-block-spacer\"><\/div>\n\n\n\n<h3 class=\"wp-block-heading has-text-color\" style=\"color:#1f1f1f;font-size:48px\">In K\u00fcrze<\/h3>\n\n\n\n<div style=\"height:30px\" aria-hidden=\"true\" class=\"wp-block-spacer\"><\/div>\n\n\n\n<p class=\"has-text-color\" style=\"color:#1f1f1f;font-size:23px\">Ich bin Autorin, Bloggerin, und ehemalige Lehrerin und Bibelschulleiterin. Meine Lieblingsmenschen sind meine drei Kinder und mein Mann David, mit dem ich seit 17 Jahren verheiratet bin. Ich war schon auf vier Kontinenten zu Hause, und seit Kurzem wohne ich mit meiner Familie wieder in meiner Heimat, der Schweiz. Das letzte Jahrzehnt verbrachten wir in Davids Heimat Atlanta im S\u00fcden der USA. Mein erster Roman A Broken Hallelujah erschien 2021. Die deutsche Version Jenseits von Halleluja wird im Fr\u00fchling 2024 erscheinen. Nebenbei blogge ich seit 2020 zu verschiedenen theologischen und kulturellen Themen.<\/p>\n\n\n\n<p class=\"has-text-color\" style=\"color:#1f1f1f;font-size:23px\">Ich bin leidenschaftliche Leserin, liebe klassische Musik, singe seit meiner Jugend in Ch\u00f6ren mit, und spiele Tennis und Klavier wenn niemand zuh\u00f6rt. Ich liebe Motorradtouren mit meinem Mann und Shoppingtrips mit meinen Teenies. Ich bin ein Enneagramm 7 mit einer unn\u00f6tigen Neigung zum Perfektionismus, wor\u00fcber zumindest mein Nachwuchs regelm\u00e4\u00dfig die Augen verdreht. <\/p>\n\n\n\n<p class=\"has-text-color\" style=\"color:#1f1f1f;font-size:23px\">In meinem Schreiben finden sowohl meine eigene geistliche Reise als auch meine Kreativit\u00e4t ihren Ausdruck.<\/p>\n<\/div><\/div>\n\n\n\n<div class=\"wp-block-genesis-blocks-gb-columns gb-slate-section-feature-text-columns gb-slate-feature-text-columns gb-layout-columns-2 gb-2-col-wideleft gb-has-custom-background-color gb-has-custom-text-color gb-columns-center alignfull\" style=\"margin-top:2em;margin-bottom:2em;padding-top:4em;padding-right:1em;padding-bottom:4em;padding-left:1em;background-color:#daeef0;color:#1f1f1f\"><div class=\"gb-layout-column-wrap gb-block-layout-column-gap-2 gb-is-responsive-column\" style=\"max-width:1400px\">\n<div class=\"wp-block-genesis-blocks-gb-column gb-block-layout-column\"><div class=\"gb-block-layout-column-inner\">\n<div class=\"wp-block-genesis-blocks-gb-columns gb-layout-columns-1 one-column gb-columns-center\"><div class=\"gb-layout-column-wrap gb-block-layout-column-gap-2 gb-is-responsive-column\" style=\"max-width:1000px\">\n<div class=\"wp-block-genesis-blocks-gb-column gb-block-layout-column\"><div class=\"gb-block-layout-column-inner\">\n<h3 class=\"wp-block-heading has-text-align-left has-navy-color has-text-color has-link-color wp-elements-aee3abf16ec11266b230bff1248fe0ec\" style=\"font-size:40px\">Die Anf\u00e4nge<\/h3>\n\n\n\n<p class=\"has-text-align-left has-navy-color has-text-color has-link-color has-large-font-size wp-elements-9b17f01beb49a02a787b025099aada82\">Nach meiner Jugend und beruflichen Anf\u00e4ngen als Primarlehrerin in der Schweiz zog ich mit 28  in die USA, um an einem Bible College in Colorado zu studieren. Dort traf ich auch meinen Mann David, den ich kurz nach Ausbildungsabschluss heiratete. Wir verbrachten die n\u00e4chsten Jahre in Asien, wo wir eine Bibelschule gr\u00fcndeten und leiteten. Nach diesem erfolgreichen, aber auch herausfordernden Abschnitt \u00fcbergaben wir unsere Arbeit an lokale Leiter, welche die verschiedenen Projekte bis heute weiterf\u00fchren und ausbauen.<\/p>\n\n\n\n<h3 class=\"wp-block-heading has-text-align-left\" style=\"font-size:40px\">Wachsender und wandelnder Glaube <\/h3>\n\n\n\n<p class=\"has-text-align-left has-large-font-size\">Mein erstes Glaubensjahrzehnt verbrachte ich in unterschiedlichen, moderaten Kirchgemeinschaften in der Schweiz. Dann kam eine Zeit, wo ich mich zu einer von mir damals als lebendiger und ernsthafter empfundenen Ausdrucksweise des Glaubens hingezogen f\u00fchlte. Die daraufhin besuchte Bibelschule in Colorado \u00f6ffnete mir viele T\u00fcren und neue Sichtweisen, entpuppte sich aber immer mehr auch als ausgrenzend gegen\u00fcber Menschen anderer Ansichten und negativ gegen\u00fcber den vielen kritischen Fragen, die seit jeher zu meinem Glauben geh\u00f6ren. So startete ein langer, spannender Weg der Dekonstruktion auf der Suche nach einem lebensspendenden Glauben, der weder ausgrenzt noch verurteilt.<\/p>\n\n\n\n<p class=\"has-text-align-left has-large-font-size\">Vom eher kargen \u201eWinter\u201c der Dekonstruktion fand ich nach und nach zum Fr\u00fchling einer Rekonstruktion, des Wiederaufbaus meines Glaubens in freundlicheren und tieferen Farben. Poesie, Liturgie und Kontemplation sind Ausdr\u00fccke der Sch\u00f6nheit, die ich t\u00e4glich um mich herum entdecke.<\/p>\n<\/div><\/div>\n<\/div><\/div>\n\n\n\n<div style=\"height:30px\" aria-hidden=\"true\" class=\"wp-block-spacer\"><\/div>\n<\/div><\/div>\n\n\n\n<div class=\"wp-block-genesis-blocks-gb-column gb-block-layout-column\"><div class=\"gb-block-layout-column-inner\">\n<figure class=\"wp-block-image size-large\"><img data-recalc-dims=\"1\" loading=\"lazy\" decoding=\"async\" width=\"709\" height=\"1024\" src=\"https:\/\/i0.wp.com\/www.judithforgoston.com\/wp-content\/uploads\/2024\/03\/contact.jpg?resize=709%2C1024&#038;ssl=1\" alt=\"\" class=\"wp-image-1432\" srcset=\"https:\/\/i0.wp.com\/www.judithforgoston.com\/wp-content\/uploads\/2024\/03\/contact-scaled.jpg?resize=709%2C1024&amp;ssl=1 709w, https:\/\/i0.wp.com\/www.judithforgoston.com\/wp-content\/uploads\/2024\/03\/contact-scaled.jpg?resize=208%2C300&amp;ssl=1 208w, https:\/\/i0.wp.com\/www.judithforgoston.com\/wp-content\/uploads\/2024\/03\/contact-scaled.jpg?resize=768%2C1109&amp;ssl=1 768w, https:\/\/i0.wp.com\/www.judithforgoston.com\/wp-content\/uploads\/2024\/03\/contact-scaled.jpg?resize=1064%2C1536&amp;ssl=1 1064w, https:\/\/i0.wp.com\/www.judithforgoston.com\/wp-content\/uploads\/2024\/03\/contact-scaled.jpg?resize=1418%2C2048&amp;ssl=1 1418w, https:\/\/i0.wp.com\/www.judithforgoston.com\/wp-content\/uploads\/2024\/03\/contact-scaled.jpg?w=1773&amp;ssl=1 1773w\" sizes=\"auto, (max-width: 709px) 100vw, 709px\" \/><\/figure>\n<\/div><\/div>\n<\/div><\/div>\n\n\n\n<div class=\"wp-block-genesis-blocks-gb-columns gb-slate-section-feature-text-columns gb-slate-feature-text-columns gb-layout-columns-2 gb-2-col-wideleft gb-has-custom-background-color gb-has-custom-text-color gb-columns-center alignfull\" style=\"margin-top:2em;margin-bottom:2em;padding-top:4em;padding-right:1em;padding-bottom:4em;padding-left:1em;background-color:#daeef0;color:#1f1f1f\"><div class=\"gb-layout-column-wrap gb-block-layout-column-gap-2 gb-is-responsive-column\" style=\"max-width:1400px\">\n<div class=\"wp-block-genesis-blocks-gb-column gb-block-layout-column\"><div class=\"gb-block-layout-column-inner\">\n<div class=\"wp-block-genesis-blocks-gb-columns gb-layout-columns-1 one-column gb-columns-center\"><div class=\"gb-layout-column-wrap gb-block-layout-column-gap-2 gb-is-responsive-column\" style=\"max-width:1000px\">\n<div class=\"wp-block-genesis-blocks-gb-column gb-block-layout-column\"><div class=\"gb-block-layout-column-inner\">\n<h3 class=\"wp-block-heading has-text-align-left has-text-color\" style=\"color:#1f1f1f;font-size:40px\">Wortspiele<\/h3>\n\n\n\n<p class=\"has-text-align-left has-text-color has-large-font-size\" style=\"color:#1f1f1f\">Auf meiner Reise habe ich Menschen von gro\u00dfer Tiefe und Weite kennengelernt \u2013 K\u00fcnstler, Gemeindeleiter, Theologen, Skeptiker und Menschen, die tiefes Leid \u00fcberlebt haben \u2013 die mit mir ihr Ringen um einen authentischen, ehrlichen Glauben teilen. Aus Geschichten wie den ihren entstand meine Leidenschaft, Menschen auf ihrem Weg zu mehr Freude und Freiheit in ihrem Glauben zu begleiten. Allen meinen Worten \u2013 ob in B\u00fcchern, Blogs oder pers\u00f6nlichen Gespr\u00e4chen \u2013 liegt die Hoffnung auf eine gemeinsame Entdeckungsreise zu einem integrierten Glauben zu Grunde.&nbsp;<\/p>\n\n\n\n<p class=\"has-text-color has-large-font-size\" style=\"color:#1f1f1f\">Meine Blogbeitr\u00e4ge sollen somit Gespr\u00e4chsanregung sein im Wissen, dass wir alle voneinander lernen k\u00f6nnen. Du hast die M\u00f6glichkeit, dich \u00f6ffentlich im Chat zu \u00e4u\u00dfern, oder kannst dich privat \u00fcber die Kontaktseite mit mir in Verbindung setzen. Auch \u00fcber Feedback zu meinem Buch freue ich mich!<\/p>\n<\/div><\/div>\n<\/div><\/div>\n\n\n\n<div style=\"height:30px\" aria-hidden=\"true\" class=\"wp-block-spacer\"><\/div>\n<\/div><\/div>\n\n\n\n<div class=\"wp-block-genesis-blocks-gb-column gb-block-layout-column\"><div class=\"gb-block-layout-column-inner\" style=\"margin-top:4em;padding-top:2px\">\n<figure class=\"wp-block-image size-large\"><img data-recalc-dims=\"1\" loading=\"lazy\" decoding=\"async\" width=\"1024\" height=\"678\" src=\"https:\/\/i0.wp.com\/www.judithforgoston.com\/wp-content\/uploads\/2024\/03\/pexels-pixabay-51159.jpg?resize=1024%2C678&#038;ssl=1\" alt=\"\" class=\"wp-image-1906\" srcset=\"https:\/\/i0.wp.com\/www.judithforgoston.com\/wp-content\/uploads\/2024\/03\/pexels-pixabay-51159-scaled.jpg?resize=1024%2C678&amp;ssl=1 1024w, https:\/\/i0.wp.com\/www.judithforgoston.com\/wp-content\/uploads\/2024\/03\/pexels-pixabay-51159-scaled.jpg?resize=300%2C199&amp;ssl=1 300w, https:\/\/i0.wp.com\/www.judithforgoston.com\/wp-content\/uploads\/2024\/03\/pexels-pixabay-51159-scaled.jpg?resize=768%2C509&amp;ssl=1 768w, https:\/\/i0.wp.com\/www.judithforgoston.com\/wp-content\/uploads\/2024\/03\/pexels-pixabay-51159-scaled.jpg?resize=1536%2C1017&amp;ssl=1 1536w, https:\/\/i0.wp.com\/www.judithforgoston.com\/wp-content\/uploads\/2024\/03\/pexels-pixabay-51159-scaled.jpg?resize=2048%2C1356&amp;ssl=1 2048w, https:\/\/i0.wp.com\/www.judithforgoston.com\/wp-content\/uploads\/2024\/03\/pexels-pixabay-51159-scaled.jpg?resize=18%2C12&amp;ssl=1 18w\" sizes=\"auto, (max-width: 1000px) 100vw, 1000px\" \/><\/figure>\n<\/div><\/div>\n<\/div><\/div>\n\n\n\n<div class=\"wp-block-genesis-blocks-gb-columns gb-layout-service-2 gb-layout-columns-2 gb-2-col-equal gb-has-custom-background-color gb-columns-center alignfull\" style=\"padding-top:8%;padding-right:5%;padding-bottom:8%;padding-left:5%;background-color:#dcecf7\"><div class=\"gb-layout-column-wrap gb-block-layout-column-gap-2 gb-is-responsive-column\" style=\"max-width:1000px\">\n<div class=\"wp-block-genesis-blocks-gb-column gb-block-layout-column\"><div class=\"gb-block-layout-column-inner\">\n<div style=\"margin-bottom:5%\" class=\"wp-block-genesis-blocks-gb-container gb-block-container\"><div class=\"gb-container-inside\"><div class=\"gb-container-content\" style=\"max-width:700px\">\n<figure class=\"wp-block-image size-large\"><img data-recalc-dims=\"1\" loading=\"lazy\" decoding=\"async\" width=\"1024\" height=\"874\" src=\"https:\/\/i0.wp.com\/www.judithforgoston.com\/wp-content\/uploads\/2021\/11\/076-6x9-stacked-book-promo.png?resize=1024%2C874&#038;ssl=1\" alt=\"\" class=\"wp-image-685\" srcset=\"https:\/\/i0.wp.com\/www.judithforgoston.com\/wp-content\/uploads\/2021\/11\/076-6x9-stacked-book-promo.png?resize=1024%2C874&amp;ssl=1 1024w, https:\/\/i0.wp.com\/www.judithforgoston.com\/wp-content\/uploads\/2021\/11\/076-6x9-stacked-book-promo.png?resize=300%2C256&amp;ssl=1 300w, https:\/\/i0.wp.com\/www.judithforgoston.com\/wp-content\/uploads\/2021\/11\/076-6x9-stacked-book-promo.png?resize=768%2C656&amp;ssl=1 768w, https:\/\/i0.wp.com\/www.judithforgoston.com\/wp-content\/uploads\/2021\/11\/076-6x9-stacked-book-promo.png?w=1500&amp;ssl=1 1500w\" sizes=\"auto, (max-width: 1000px) 100vw, 1000px\" \/><\/figure>\n<\/div><\/div><\/div>\n<\/div><\/div>\n\n\n\n<div class=\"wp-block-genesis-blocks-gb-column gb-block-layout-column\"><div class=\"gb-block-layout-column-inner\">\n<blockquote class=\"wp-block-quote has-text-align-center is-layout-flow wp-block-quote-is-layout-flow\" style=\"font-size:22px\">\n<h3 class=\"wp-block-heading has-text-align-center\">\u201eUnser Glaube beruht nicht auf blinder Loyalit\u00e4t oder darauf, sich vom Rest der Welt abzuschotten. Vielmehr besteht er in einer Beziehung zu einem Gott, der mit all unseren Fragen, Zweifeln und verr\u00fcckten Ideen umgehen kann.\u201c <\/h3>\n<cite class=\"translation-block\"><br>aus J<em>enseits von Halleluja<\/em><\/cite><\/blockquote>\n<\/div><\/div>\n<\/div><\/div>","protected":false},"excerpt":{"rendered":"","protected":false},"author":3,"featured_media":0,"parent":0,"menu_order":0,"comment_status":"closed","ping_status":"closed","template":"","meta":{"_genesis_hide_title":false,"_genesis_hide_breadcrumbs":false,"_genesis_hide_singular_image":false,"_genesis_hide_footer_widgets":false,"_genesis_custom_body_class":"","_genesis_custom_post_class":"","_genesis_layout":"","footnotes":""},"class_list":{"0":"post-191","1":"page","2":"type-page","3":"status-publish","5":"entry","6":"has-post-thumbnail","7":"no-grid","8":"first"},"aioseo_notices":[],"featured_image_src":null,"featured_image_src_square":null,"jetpack_shortlink":"https:\/\/wp.me\/PfADN4-35","jetpack_sharing_enabled":true,"_links":{"self":[{"href":"https:\/\/www.judithforgoston.com\/de\/wp-json\/wp\/v2\/pages\/191","targetHints":{"allow":["GET"]}}],"collection":[{"href":"https:\/\/www.judithforgoston.com\/de\/wp-json\/wp\/v2\/pages"}],"about":[{"href":"https:\/\/www.judithforgoston.com\/de\/wp-json\/wp\/v2\/types\/page"}],"author":[{"embeddable":true,"href":"https:\/\/www.judithforgoston.com\/de\/wp-json\/wp\/v2\/users\/3"}],"replies":[{"embeddable":true,"href":"https:\/\/www.judithforgoston.com\/de\/wp-json\/wp\/v2\/comments?post=191"}],"version-history":[{"count":10,"href":"https:\/\/www.judithforgoston.com\/de\/wp-json\/wp\/v2\/pages\/191\/revisions"}],"predecessor-version":[{"id":2123,"href":"https:\/\/www.judithforgoston.com\/de\/wp-json\/wp\/v2\/pages\/191\/revisions\/2123"}],"wp:attachment":[{"href":"https:\/\/www.judithforgoston.com\/de\/wp-json\/wp\/v2\/media?parent=191"}],"curies":[{"name":"wp","href":"https:\/\/api.w.org\/{rel}","templated":true}]}}