{"id":2156,"date":"2025-04-16T22:49:19","date_gmt":"2025-04-16T22:49:19","guid":{"rendered":"https:\/\/www.judithforgoston.com\/?page_id=2156"},"modified":"2025-04-18T17:41:20","modified_gmt":"2025-04-18T17:41:20","slug":"books","status":"publish","type":"page","link":"https:\/\/www.judithforgoston.com\/de\/books\/","title":{"rendered":"B\u00fccher"},"content":{"rendered":"<div class=\"wp-block-genesis-blocks-gb-columns gb-slate-section-feature-image-and-text-columns gb-slate-section-feature-image-columns gb-layout-columns-1 one-column gb-has-custom-background-color gb-has-custom-text-color gb-columns-center alignfull\" style=\"padding-top:8em;padding-right:1em;padding-bottom:6em;padding-left:1em;background-color:#ededed;color:#1f1f1f\"><div class=\"gb-layout-column-wrap gb-block-layout-column-gap-2 gb-is-responsive-column\" style=\"max-width:1200px\">\n<div class=\"wp-block-genesis-blocks-gb-column gb-block-layout-column\"><div class=\"gb-block-layout-column-inner\">\n<div class=\"wp-block-genesis-blocks-gb-columns gb-layout-columns-2 gb-2-col-equal\"><div class=\"gb-layout-column-wrap gb-block-layout-column-gap-3 gb-is-responsive-column\">\n<div class=\"wp-block-genesis-blocks-gb-column gb-block-layout-column\"><div class=\"gb-block-layout-column-inner\">\n<figure class=\"wp-block-image size-full is-resized\"><img data-recalc-dims=\"1\" loading=\"lazy\" decoding=\"async\" width=\"734\" height=\"1080\" src=\"https:\/\/i0.wp.com\/www.judithforgoston.com\/wp-content\/uploads\/2024\/03\/cover-bookpage.png?resize=734%2C1080&#038;ssl=1\" alt=\"\" class=\"wp-image-1433\" style=\"width:350px\" srcset=\"https:\/\/i0.wp.com\/www.judithforgoston.com\/wp-content\/uploads\/2024\/03\/cover-bookpage.png?w=734&amp;ssl=1 734w, https:\/\/i0.wp.com\/www.judithforgoston.com\/wp-content\/uploads\/2024\/03\/cover-bookpage.png?resize=204%2C300&amp;ssl=1 204w, https:\/\/i0.wp.com\/www.judithforgoston.com\/wp-content\/uploads\/2024\/03\/cover-bookpage.png?resize=696%2C1024&amp;ssl=1 696w\" sizes=\"auto, (max-width: 734px) 100vw, 734px\" \/><\/figure>\n\n\n\n<h2 class=\"wp-block-heading has-text-color\" style=\"color:#1f1f1f;font-size:26px\">Jenseits von Halleluja<\/h2>\n\n\n\n<p class=\"has-text-color\" style=\"color:#1f1f1f\">Er hatte alles im Griff.<br>Sich selbst. Seinen Glauben. Seine Zukunft.<br>Bis sie in sein Leben tritt -<br>und all seine Antworten verwandeln sich in Fragen.<\/p>\n\n\n\n<div class=\"wp-block-buttons is-layout-flex wp-block-buttons-is-layout-flex\">\n<div class=\"wp-block-button\"><a class=\"wp-block-button__link has-text-color has-background wp-element-button\" href=\"https:\/\/www.judithforgoston.com\/de\/broken-hallelujah\/\" style=\"border-radius:4px;color:#ffffff;background-color:#006CD8\"><strong>Mehr erfahren<\/strong><\/a><\/div>\n<\/div>\n\n\n\n<div style=\"height:25px\" aria-hidden=\"true\" class=\"wp-block-spacer\"><\/div>\n<\/div><\/div>\n\n\n\n<div class=\"wp-block-genesis-blocks-gb-column gb-block-layout-column\"><div class=\"gb-block-layout-column-inner\">\n<figure class=\"wp-block-image size-full is-resized\"><img data-recalc-dims=\"1\" loading=\"lazy\" decoding=\"async\" width=\"666\" height=\"1000\" src=\"https:\/\/i0.wp.com\/www.judithforgoston.com\/wp-content\/uploads\/2025\/04\/Scars_Ebook-Cover.jpg?resize=666%2C1000&#038;ssl=1\" alt=\"\" class=\"wp-image-2163\" style=\"width:350px\" srcset=\"https:\/\/i0.wp.com\/www.judithforgoston.com\/wp-content\/uploads\/2025\/04\/Scars_Ebook-Cover.jpg?w=666&amp;ssl=1 666w, https:\/\/i0.wp.com\/www.judithforgoston.com\/wp-content\/uploads\/2025\/04\/Scars_Ebook-Cover.jpg?resize=200%2C300&amp;ssl=1 200w, https:\/\/i0.wp.com\/www.judithforgoston.com\/wp-content\/uploads\/2025\/04\/Scars_Ebook-Cover.jpg?resize=8%2C12&amp;ssl=1 8w\" sizes=\"auto, (max-width: 666px) 100vw, 666px\" \/><\/figure>\n\n\n\n<h2 class=\"wp-block-heading has-text-color\" style=\"color:#1f1f1f;font-size:26px\">Scars of Gold<\/h2>\n\n\n\n<p class=\"has-text-color translation-block\" style=\"color:#1f1f1f\">Ein Pastor, der mit seinem Glauben ringt\u2026 <br \/>\nein entf\u00fchrtes M\u00e4dchen, das ums \u00dcberleben k\u00e4mpft\u2026 <br \/>\nund eine Wendung des Schicksals, <br \/>\ndas beider Leben f\u00fcr immer ver\u00e4ndert.<\/p>\n\n\n\n<div class=\"wp-block-buttons is-layout-flex wp-block-buttons-is-layout-flex\">\n<div class=\"wp-block-button\"><a class=\"wp-block-button__link has-text-color has-background wp-element-button\" href=\"https:\/\/www.judithforgoston.com\/de\/scars-of-gold\/\" style=\"border-radius:4px;color:#ffffff;background-color:#006CD8\" target=\"_blank\" rel=\"noreferrer noopener\"><strong>Mehr erfahren<\/strong><\/a><\/div>\n<\/div>\n<\/div><\/div>\n<\/div><\/div>\n<\/div><\/div>\n<\/div><\/div>","protected":false},"excerpt":{"rendered":"","protected":false},"author":2,"featured_media":0,"parent":0,"menu_order":0,"comment_status":"closed","ping_status":"closed","template":"","meta":{"_genesis_hide_title":false,"_genesis_hide_breadcrumbs":false,"_genesis_hide_singular_image":false,"_genesis_hide_footer_widgets":false,"_genesis_custom_body_class":"","_genesis_custom_post_class":"","_genesis_layout":"","footnotes":""},"class_list":{"0":"post-2156","1":"page","2":"type-page","3":"status-publish","5":"entry","6":"has-post-thumbnail","7":"no-grid","8":"first"},"aioseo_notices":[],"featured_image_src":null,"featured_image_src_square":null,"jetpack_shortlink":"https:\/\/wp.me\/PfADN4-yM","jetpack_sharing_enabled":true,"_links":{"self":[{"href":"https:\/\/www.judithforgoston.com\/de\/wp-json\/wp\/v2\/pages\/2156","targetHints":{"allow":["GET"]}}],"collection":[{"href":"https:\/\/www.judithforgoston.com\/de\/wp-json\/wp\/v2\/pages"}],"about":[{"href":"https:\/\/www.judithforgoston.com\/de\/wp-json\/wp\/v2\/types\/page"}],"author":[{"embeddable":true,"href":"https:\/\/www.judithforgoston.com\/de\/wp-json\/wp\/v2\/users\/2"}],"replies":[{"embeddable":true,"href":"https:\/\/www.judithforgoston.com\/de\/wp-json\/wp\/v2\/comments?post=2156"}],"version-history":[{"count":7,"href":"https:\/\/www.judithforgoston.com\/de\/wp-json\/wp\/v2\/pages\/2156\/revisions"}],"predecessor-version":[{"id":2185,"href":"https:\/\/www.judithforgoston.com\/de\/wp-json\/wp\/v2\/pages\/2156\/revisions\/2185"}],"wp:attachment":[{"href":"https:\/\/www.judithforgoston.com\/de\/wp-json\/wp\/v2\/media?parent=2156"}],"curies":[{"name":"wp","href":"https:\/\/api.w.org\/{rel}","templated":true}]}}