{"id":2178,"date":"2025-04-17T21:47:47","date_gmt":"2025-04-17T21:47:47","guid":{"rendered":"https:\/\/www.judithforgoston.com\/?page_id=2178"},"modified":"2025-06-09T17:53:08","modified_gmt":"2025-06-09T17:53:08","slug":"scars-of-gold","status":"publish","type":"page","link":"https:\/\/www.judithforgoston.com\/de\/scars-of-gold\/","title":{"rendered":"Scars of Gold"},"content":{"rendered":"<div class=\"wp-block-media-text alignfull is-stacked-on-mobile gb-slate-section-media-and-text gb-slate-section-media-text  has-bg-background-color has-background\"><figure class=\"wp-block-media-text__media\"><img data-recalc-dims=\"1\" loading=\"lazy\" decoding=\"async\" width=\"666\" height=\"1000\" src=\"https:\/\/i0.wp.com\/www.judithforgoston.com\/wp-content\/uploads\/2025\/04\/Scars_Ebook-Cover.jpg?resize=666%2C1000&#038;ssl=1\" alt=\"\" class=\"wp-image-2163 size-full\" srcset=\"https:\/\/i0.wp.com\/www.judithforgoston.com\/wp-content\/uploads\/2025\/04\/Scars_Ebook-Cover.jpg?w=666&amp;ssl=1 666w, https:\/\/i0.wp.com\/www.judithforgoston.com\/wp-content\/uploads\/2025\/04\/Scars_Ebook-Cover.jpg?resize=200%2C300&amp;ssl=1 200w, https:\/\/i0.wp.com\/www.judithforgoston.com\/wp-content\/uploads\/2025\/04\/Scars_Ebook-Cover.jpg?resize=8%2C12&amp;ssl=1 8w\" sizes=\"auto, (max-width: 666px) 100vw, 666px\" \/><\/figure><div class=\"wp-block-media-text__content\">\n<div style=\"height:20px\" aria-hidden=\"true\" class=\"wp-block-spacer\"><\/div>\n\n\n\n<h2 class=\"wp-block-heading has-text-align-left book-intro has-text-color\" style=\"color:#1f1f1f;font-size:30px\"><strong>Ein Pfarrer, der mit seinem Glauben ringt\u2026ein entf\u00fchrtes M\u00e4dchen, das um sein \u00dcberleben k\u00e4mpft.. und eine Wendung des Schicksals, das beider Leben f\u00fcr immer ver\u00e4ndert.<\/strong><\/h2>\n\n\n\n<div style=\"height:20px\" aria-hidden=\"true\" class=\"wp-block-spacer\"><\/div>\n\n\n\n<p class=\"has-large-font-size\">Von Zweifeln und Desillusionierung geplagt verl\u00e4sst Pfarrer Thomas Wenger seine Z\u00fcrcher Gemeinde und begibt sich auf eine ungew\u00f6hnliche Glaubensreise. In seiner neuen Aufgabe, den Randst\u00e4ndigen der Stadt zu dienen, findet Thomas Freunde, Berufung und erneuerten Glauben\u2026 und Leah, die unerwartete Liebe seines Lebens.<\/p>\n\n\n\n<p class=\"has-large-font-size\">Als Bewohner eines abgelegenen nepalesischen Dorfs leiden Dipak Badi und seine Familie unter den Vorurteilen, die ihnen aufgrund ihrer Kaste der Unber\u00fchrbaren entgegengebracht werden. Trotz t\u00e4glicher Herausforderungen wie Armut und Krankheit verliert Dipak die Hoffnung nicht, dass er seinen T\u00f6chtern Prisha und Saraya eines Tages eine bessere Zukunft wird schenken k\u00f6nnen.<\/p>\n\n\n\n<p class=\"has-large-font-size\">Als Saraya aus dem Dorf verschwindet und in ein indisches Bordell verschleppt wird, steht Thomas, der sich inzwischen mit der Familie angefreundet hat, vor einer Entscheidung, die das Leben aller Beteiligten f\u00fcr immer ver\u00e4ndern wird.<\/p>\n\n\n\n<p class=\"has-large-font-size\">Scars of Gold, das drei Jahrzehnte und zwei Kontinente umspannt, ist die inspirierende Geschichte eines gew\u00f6hnlichen Pfarrers, dessen kleine Welt sich f\u00fcr immer ver\u00e4ndert, nachdem er Gott durch die Menschen am Rande der Gesellschaft neu erlebt.\n\nSigniertes Exemplar f\u00fcr Fr 20.- direkt bei der Autorin bestellen: writersdesk@judithforgoston.com<\/p>\n\n\n\n<div class=\"wp-block-buttons is-content-justification-left is-nowrap is-layout-flex wp-container-core-buttons-is-layout-6447b855 wp-block-buttons-is-layout-flex\">\n<div class=\"wp-block-button gb-block-button\"><a class=\"wp-block-button__link has-link-background-color has-text-color has-background has-custom-font-size wp-element-button\" href=\"https:\/\/www.amazon.com\/Scars-Gold-Judith-Forgoston\/dp\/1737245736\/\" style=\"border-radius:5px;color:#ffffff;padding-top:10px;padding-right:1em;padding-bottom:10px;padding-left:1em;font-size:16px;line-height:1.2\" target=\"_blank\" rel=\"noreferrer noopener\">\u00dcber Amazon bestellen<\/a><\/div>\n<\/div>\n<\/div><\/div>\n\n\n\n<div class=\"wp-block-genesis-blocks-gb-columns gb-slate-section-team-members gb-layout-team-1 gb-slate-team gb-layout-columns-1 one-column has-bg-background-color gb-has-custom-text-color gb-columns-center alignfull\" style=\"padding-top:6em;padding-right:1em;padding-bottom:6em;padding-left:1em;color:#1f1f1f\"><div class=\"gb-layout-column-wrap gb-block-layout-column-gap-2 gb-is-responsive-column\" style=\"max-width:1200px\">\n<div class=\"wp-block-genesis-blocks-gb-column gb-block-layout-column\"><div class=\"gb-block-layout-column-inner\">\n<div style=\"margin-bottom:5%\" class=\"wp-block-genesis-blocks-gb-container gb-block-container\"><div class=\"gb-container-inside\"><div class=\"gb-container-content\" style=\"max-width:840px\">\n<h3 class=\"wp-block-heading has-text-align-center\" style=\"font-size:52px\">Leserkommentare<\/h3>\n\n\n\n<hr class=\"wp-block-separator has-css-opacity is-style-default\"\/>\n<\/div><\/div><\/div>\n\n\n<div class=\"wp-block-image is-style-rounded\">\n<figure class=\"aligncenter size-full is-resized\"><img data-recalc-dims=\"1\" loading=\"lazy\" decoding=\"async\" width=\"1000\" height=\"829\" src=\"https:\/\/i0.wp.com\/www.judithforgoston.com\/wp-content\/uploads\/2025\/04\/SarahSymonsHeadshot-6.jpg?resize=1000%2C829&#038;ssl=1\" alt=\"\" class=\"wp-image-2179\" style=\"width:auto;height:150px\" srcset=\"https:\/\/i0.wp.com\/www.judithforgoston.com\/wp-content\/uploads\/2025\/04\/SarahSymonsHeadshot-6.jpg?w=1000&amp;ssl=1 1000w, https:\/\/i0.wp.com\/www.judithforgoston.com\/wp-content\/uploads\/2025\/04\/SarahSymonsHeadshot-6.jpg?resize=300%2C249&amp;ssl=1 300w, https:\/\/i0.wp.com\/www.judithforgoston.com\/wp-content\/uploads\/2025\/04\/SarahSymonsHeadshot-6.jpg?resize=768%2C637&amp;ssl=1 768w, https:\/\/i0.wp.com\/www.judithforgoston.com\/wp-content\/uploads\/2025\/04\/SarahSymonsHeadshot-6.jpg?resize=14%2C12&amp;ssl=1 14w\" sizes=\"auto, (max-width: 1000px) 100vw, 1000px\" \/><\/figure>\n<\/div>\n\n\n<p class=\"has-text-align-center readers has-normal-font-size\"><em>\u201c<\/em>\"Eine inspirierende, fesselnde und \u00fcberraschende Geschichte \u00fcber die Liebe in all ihren Ausdrucksformen, und der heilenden Kraft dieser Liebe auch inmitten der dunkelsten Momente des Lebens.\"<\/p>\n\n\n\n<blockquote class=\"wp-block-quote has-text-align-center is-style-default is-layout-flow wp-block-quote-is-layout-flow\">\n<p><\/p>\n<cite>- Sarah Symons, Gr\u00fcnderin der Menschehrechtsorganisation Her Future Coalition, Autorin und TEDx Speakerin<\/cite><\/blockquote>\n\n\n\n<hr class=\"wp-block-separator has-css-opacity is-style-default\"\/>\n\n\n\n<div style=\"height:20px\" aria-hidden=\"true\" class=\"wp-block-spacer\"><\/div>\n\n\n<div class=\"wp-block-image is-style-rounded\">\n<figure class=\"aligncenter size-large is-resized\"><img data-recalc-dims=\"1\" loading=\"lazy\" decoding=\"async\" width=\"1024\" height=\"822\" src=\"https:\/\/i0.wp.com\/www.judithforgoston.com\/wp-content\/uploads\/2023\/02\/screen-shot-2023-02-07-at-9.41.46-am.png?resize=1024%2C822&#038;ssl=1\" alt=\"\" class=\"wp-image-1152\" style=\"width:150px\" srcset=\"https:\/\/i0.wp.com\/www.judithforgoston.com\/wp-content\/uploads\/2023\/02\/screen-shot-2023-02-07-at-9.41.46-am.png?resize=1024%2C822&amp;ssl=1 1024w, https:\/\/i0.wp.com\/www.judithforgoston.com\/wp-content\/uploads\/2023\/02\/screen-shot-2023-02-07-at-9.41.46-am.png?resize=300%2C241&amp;ssl=1 300w, https:\/\/i0.wp.com\/www.judithforgoston.com\/wp-content\/uploads\/2023\/02\/screen-shot-2023-02-07-at-9.41.46-am.png?resize=768%2C617&amp;ssl=1 768w, https:\/\/i0.wp.com\/www.judithforgoston.com\/wp-content\/uploads\/2023\/02\/screen-shot-2023-02-07-at-9.41.46-am.png?resize=1536%2C1233&amp;ssl=1 1536w, https:\/\/i0.wp.com\/www.judithforgoston.com\/wp-content\/uploads\/2023\/02\/screen-shot-2023-02-07-at-9.41.46-am.png?w=1714&amp;ssl=1 1714w\" sizes=\"auto, (max-width: 1000px) 100vw, 1000px\" \/><\/figure>\n<\/div>\n\n\n<p class=\"has-text-align-center readers has-normal-font-size\">\u201eIn ihrem zweiten fesselnden Roman \u00fcber eine Glaubenserneuerung zeigt Judith Forgoston sowohl die oft ungewollte Heuchelei institutionalisierter Kirchen als auch die Liebe, die sie heilt. Ein Buch, das man nicht mehr aus der Hand legen kann - intensiv, ersch\u00fctternd und wundersch\u00f6n.\"<\/p>\n\n\n\n<blockquote class=\"wp-block-quote has-text-align-center is-style-default is-layout-flow wp-block-quote-is-layout-flow\">\n<p><\/p>\n<cite>- Nancy Rue, Christy Award-Gewinnerin und Autorin der Reluctant Prophet-Serie<\/cite><\/blockquote>\n\n\n\n<hr class=\"wp-block-separator has-css-opacity is-style-default\"\/>\n<\/div><\/div>\n<\/div><\/div>","protected":false},"excerpt":{"rendered":"","protected":false},"author":2,"featured_media":2163,"parent":0,"menu_order":0,"comment_status":"closed","ping_status":"closed","template":"","meta":{"_genesis_hide_title":false,"_genesis_hide_breadcrumbs":false,"_genesis_hide_singular_image":false,"_genesis_hide_footer_widgets":false,"_genesis_custom_body_class":"","_genesis_custom_post_class":"","_genesis_layout":"","footnotes":""},"class_list":{"0":"post-2178","1":"page","2":"type-page","3":"status-publish","4":"has-post-thumbnail","6":"entry","7":"no-grid","8":"first"},"aioseo_notices":[],"featured_image_src":"https:\/\/i0.wp.com\/www.judithforgoston.com\/wp-content\/uploads\/2025\/04\/Scars_Ebook-Cover.jpg?resize=600%2C400&ssl=1","featured_image_src_square":"https:\/\/i0.wp.com\/www.judithforgoston.com\/wp-content\/uploads\/2025\/04\/Scars_Ebook-Cover.jpg?resize=600%2C600&ssl=1","jetpack_shortlink":"https:\/\/wp.me\/PfADN4-z8","jetpack_sharing_enabled":true,"_links":{"self":[{"href":"https:\/\/www.judithforgoston.com\/de\/wp-json\/wp\/v2\/pages\/2178","targetHints":{"allow":["GET"]}}],"collection":[{"href":"https:\/\/www.judithforgoston.com\/de\/wp-json\/wp\/v2\/pages"}],"about":[{"href":"https:\/\/www.judithforgoston.com\/de\/wp-json\/wp\/v2\/types\/page"}],"author":[{"embeddable":true,"href":"https:\/\/www.judithforgoston.com\/de\/wp-json\/wp\/v2\/users\/2"}],"replies":[{"embeddable":true,"href":"https:\/\/www.judithforgoston.com\/de\/wp-json\/wp\/v2\/comments?post=2178"}],"version-history":[{"count":1,"href":"https:\/\/www.judithforgoston.com\/de\/wp-json\/wp\/v2\/pages\/2178\/revisions"}],"predecessor-version":[{"id":2180,"href":"https:\/\/www.judithforgoston.com\/de\/wp-json\/wp\/v2\/pages\/2178\/revisions\/2180"}],"wp:featuredmedia":[{"embeddable":true,"href":"https:\/\/www.judithforgoston.com\/de\/wp-json\/wp\/v2\/media\/2163"}],"wp:attachment":[{"href":"https:\/\/www.judithforgoston.com\/de\/wp-json\/wp\/v2\/media?parent=2178"}],"curies":[{"name":"wp","href":"https:\/\/api.w.org\/{rel}","templated":true}]}}